{"id":19,"date":"2023-12-29T20:18:03","date_gmt":"2023-12-29T19:18:03","guid":{"rendered":"https:\/\/janamotzfotografie.de\/?page_id=19"},"modified":"2025-10-29T15:50:53","modified_gmt":"2025-10-29T14:50:53","slug":"leistungen","status":"publish","type":"page","link":"https:\/\/janamotzfotografie.de\/?page_id=19","title":{"rendered":"Leistungen"},"content":{"rendered":"\t\t<div data-elementor-type=\"wp-page\" data-elementor-id=\"19\" class=\"elementor elementor-19\">\n\t\t\t\t<div class=\"elementor-element elementor-element-337ffd6 e-flex e-con-boxed e-con e-parent\" data-id=\"337ffd6\" data-element_type=\"container\" data-e-type=\"container\">\n\t\t\t\t\t<div class=\"e-con-inner\">\n\t\t\t\t<div class=\"elementor-element elementor-element-b8e392b elementor-widget elementor-widget-heading\" data-id=\"b8e392b\" data-element_type=\"widget\" data-e-type=\"widget\" data-widget_type=\"heading.default\">\n\t\t\t\t<div class=\"elementor-widget-container\">\n\t\t\t\t\t<h2 class=\"elementor-heading-title elementor-size-xxl\">Leistungen<\/h2>\t\t\t\t<\/div>\n\t\t\t\t<\/div>\n\t\t\t\t\t<\/div>\n\t\t\t\t<\/div>\n\t\t<div class=\"elementor-element elementor-element-a0978a5 e-flex e-con-boxed e-con e-parent\" data-id=\"a0978a5\" data-element_type=\"container\" data-e-type=\"container\">\n\t\t\t\t\t<div class=\"e-con-inner\">\n\t\t\t\t<div class=\"elementor-element elementor-element-81e037c elementor-widget elementor-widget-text-editor\" data-id=\"81e037c\" data-element_type=\"widget\" data-e-type=\"widget\" data-widget_type=\"text-editor.default\">\n\t\t\t\t<div class=\"elementor-widget-container\">\n\t\t\t\t\t\t\t\t\t<div data-slate-node=\"element\"><span data-slate-node=\"text\">Wie viel du in deine Bilder investieren m\u00f6chtest, entscheidest du letztendlich selbst. <\/span><\/div>\n<div data-slate-node=\"element\"><span data-slate-node=\"text\">Du buchst einfach das Basispaket und entscheidest dich nach dem Shooting anhand deiner pers\u00f6nlichen Auswahlgalerie wie viele Bilder du dar\u00fcber hinaus haben m\u00f6chtest. Dadurch hast du den Vorteil, dass du dich nicht vorab auf eine bestimmte Bildanzahl festlegen musst. &nbsp;<\/span><\/div>\t\t\t\t\t\t\t\t<\/div>\n\t\t\t\t<\/div>\n\t\t\t\t\t<\/div>\n\t\t\t\t<\/div>\n\t\t<div class=\"elementor-element elementor-element-a812a71 e-flex e-con-boxed e-con e-parent\" data-id=\"a812a71\" data-element_type=\"container\" data-e-type=\"container\" data-settings=\"{&quot;background_background&quot;:&quot;classic&quot;}\">\n\t\t\t\t\t<div class=\"e-con-inner\">\n\t\t<div class=\"elementor-element elementor-element-9e24cb4 e-con-full e-flex e-con e-child\" data-id=\"9e24cb4\" data-element_type=\"container\" data-e-type=\"container\">\n\t\t\t\t<div class=\"elementor-element elementor-element-a90226c elementor-widget elementor-widget-image\" data-id=\"a90226c\" data-element_type=\"widget\" data-e-type=\"widget\" data-widget_type=\"image.default\">\n\t\t\t\t<div class=\"elementor-widget-container\">\n\t\t\t\t\t\t\t\t\t\t\t\t\t\t\t<img fetchpriority=\"high\" decoding=\"async\" width=\"1024\" height=\"819\" src=\"https:\/\/janamotzfotografie.de\/wp-content\/uploads\/2023\/12\/D526164F-50A6-4048-A1BF-2840CC3890A2-Edit2-1024x819.jpg\" class=\"attachment-large size-large wp-image-62\" alt=\"\" srcset=\"https:\/\/janamotzfotografie.de\/wp-content\/uploads\/2023\/12\/D526164F-50A6-4048-A1BF-2840CC3890A2-Edit2-1024x819.jpg 1024w, https:\/\/janamotzfotografie.de\/wp-content\/uploads\/2023\/12\/D526164F-50A6-4048-A1BF-2840CC3890A2-Edit2-300x240.jpg 300w, https:\/\/janamotzfotografie.de\/wp-content\/uploads\/2023\/12\/D526164F-50A6-4048-A1BF-2840CC3890A2-Edit2-768x614.jpg 768w, https:\/\/janamotzfotografie.de\/wp-content\/uploads\/2023\/12\/D526164F-50A6-4048-A1BF-2840CC3890A2-Edit2-1536x1228.jpg 1536w, https:\/\/janamotzfotografie.de\/wp-content\/uploads\/2023\/12\/D526164F-50A6-4048-A1BF-2840CC3890A2-Edit2-2048x1638.jpg 2048w\" sizes=\"(max-width: 1024px) 100vw, 1024px\" \/>\t\t\t\t\t\t\t\t\t\t\t\t\t\t\t<\/div>\n\t\t\t\t<\/div>\n\t\t\t\t<\/div>\n\t\t<div class=\"elementor-element elementor-element-ce1b25e e-con-full e-flex e-con e-child\" data-id=\"ce1b25e\" data-element_type=\"container\" data-e-type=\"container\">\n\t\t\t\t<div class=\"elementor-element elementor-element-f7b855f elementor-widget elementor-widget-heading\" data-id=\"f7b855f\" data-element_type=\"widget\" data-e-type=\"widget\" data-widget_type=\"heading.default\">\n\t\t\t\t<div class=\"elementor-widget-container\">\n\t\t\t\t\t<h2 class=\"elementor-heading-title elementor-size-xl\">Basispaket - 60 \u20ac <\/h2>\t\t\t\t<\/div>\n\t\t\t\t<\/div>\n\t\t\t\t<div class=\"elementor-element elementor-element-5142900 elementor-widget elementor-widget-text-editor\" data-id=\"5142900\" data-element_type=\"widget\" data-e-type=\"widget\" data-widget_type=\"text-editor.default\">\n\t\t\t\t<div class=\"elementor-widget-container\">\n\t\t\t\t\t\t\t\t\t<p>Das Basispaket bildet die Grundlage f\u00fcr dein Shootingerlebnis:<\/p>\n<ul>\n<li>Fotoshooting mit bis zu 2 Stunden Shootingzeit<\/li>\n<li>mehrere Locations m\u00f6glich<\/li>\n<li>Outfitwechsel m\u00f6glich<\/li>\n<li>Anfahrt bis 25km ab 46282 Dorsten inkl. danach 0,50\u20ac pro weiteren gefahrenen Kilometer. Bei mehreren Teilnehmern k\u00f6nnen die Fahrtkosten geteilt werden<\/li>\n<li class=\"packItem__41o2q\">2 professionell bearbeitete Bilder inklusive<\/li>\n<\/ul>\t\t\t\t\t\t\t\t<\/div>\n\t\t\t\t<\/div>\n\t\t\t\t<\/div>\n\t\t\t\t\t<\/div>\n\t\t\t\t<\/div>\n\t\t<div class=\"elementor-element elementor-element-70fda00 e-flex e-con-boxed e-con e-parent\" data-id=\"70fda00\" data-element_type=\"container\" data-e-type=\"container\" data-settings=\"{&quot;background_background&quot;:&quot;classic&quot;}\">\n\t\t\t\t\t<div class=\"e-con-inner\">\n\t\t\t\t<div class=\"elementor-element elementor-element-48d13ed elementor-widget elementor-widget-heading\" data-id=\"48d13ed\" data-element_type=\"widget\" data-e-type=\"widget\" data-widget_type=\"heading.default\">\n\t\t\t\t<div class=\"elementor-widget-container\">\n\t\t\t\t\t<h2 class=\"elementor-heading-title elementor-size-large\">Jedes weitere professionell bearbeitete Bild kostet 20 \u20ac<\/h2>\t\t\t\t<\/div>\n\t\t\t\t<\/div>\n\t\t\t\t<div class=\"elementor-element elementor-element-d672652 elementor-widget elementor-widget-heading\" data-id=\"d672652\" data-element_type=\"widget\" data-e-type=\"widget\" data-widget_type=\"heading.default\">\n\t\t\t\t<div class=\"elementor-widget-container\">\n\t\t\t\t\t<h2 class=\"elementor-heading-title elementor-size-xl\">Sparpakete<\/h2>\t\t\t\t<\/div>\n\t\t\t\t<\/div>\n\t\t\t\t<div class=\"elementor-element elementor-element-2ae1b57 elementor-widget elementor-widget-text-editor\" data-id=\"2ae1b57\" data-element_type=\"widget\" data-e-type=\"widget\" data-widget_type=\"text-editor.default\">\n\t\t\t\t<div class=\"elementor-widget-container\">\n\t\t\t\t\t\t\t\t\t<p>Nach dem Shooting erh\u00e4ltst du die noch unbearbeiteten Bilder in einer Auswahlgalerie und kannst dir nun die Bilder aussuchen, die du bearbeitet haben m\u00f6chtest. Ab einer Anzahl von sechs zus\u00e4tzlichen Bildern zu dem Basispaket kannst du mithilfe der folgenden Zusatzpakete sparen:<\/p>\t\t\t\t\t\t\t\t<\/div>\n\t\t\t\t<\/div>\n\t\t\t\t\t<\/div>\n\t\t\t\t<\/div>\n\t\t<div class=\"elementor-element elementor-element-76a06f0 e-flex e-con-boxed e-con e-parent\" data-id=\"76a06f0\" data-element_type=\"container\" data-e-type=\"container\" data-settings=\"{&quot;background_background&quot;:&quot;classic&quot;}\">\n\t\t\t\t\t<div class=\"e-con-inner\">\n\t\t<div class=\"elementor-element elementor-element-4006009 e-con-full e-flex e-con e-child\" data-id=\"4006009\" data-element_type=\"container\" data-e-type=\"container\">\n\t\t\t\t<div class=\"elementor-element elementor-element-0df9ec9 elementor-widget elementor-widget-heading\" data-id=\"0df9ec9\" data-element_type=\"widget\" data-e-type=\"widget\" data-widget_type=\"heading.default\">\n\t\t\t\t<div class=\"elementor-widget-container\">\n\t\t\t\t\t<h2 class=\"elementor-heading-title elementor-size-default\">Paket - Small<br>110 \u20ac<\/h2>\t\t\t\t<\/div>\n\t\t\t\t<\/div>\n\t\t\t\t<div class=\"elementor-element elementor-element-95157c2 elementor-widget elementor-widget-text-editor\" data-id=\"95157c2\" data-element_type=\"widget\" data-e-type=\"widget\" data-widget_type=\"text-editor.default\">\n\t\t\t\t<div class=\"elementor-widget-container\">\n\t\t\t\t\t\t\t\t\t<p>6 weitere professionell bearbeitete Bilder<\/p>\t\t\t\t\t\t\t\t<\/div>\n\t\t\t\t<\/div>\n\t\t\t\t<\/div>\n\t\t<div class=\"elementor-element elementor-element-9546e53 e-con-full e-flex e-con e-child\" data-id=\"9546e53\" data-element_type=\"container\" data-e-type=\"container\">\n\t\t\t\t<div class=\"elementor-element elementor-element-2cbb41b elementor-widget elementor-widget-heading\" data-id=\"2cbb41b\" data-element_type=\"widget\" data-e-type=\"widget\" data-widget_type=\"heading.default\">\n\t\t\t\t<div class=\"elementor-widget-container\">\n\t\t\t\t\t<h2 class=\"elementor-heading-title elementor-size-default\">Paket - Medium<br>180 \u20ac<\/h2>\t\t\t\t<\/div>\n\t\t\t\t<\/div>\n\t\t\t\t<div class=\"elementor-element elementor-element-dd867f5 elementor-widget elementor-widget-text-editor\" data-id=\"dd867f5\" data-element_type=\"widget\" data-e-type=\"widget\" data-widget_type=\"text-editor.default\">\n\t\t\t\t<div class=\"elementor-widget-container\">\n\t\t\t\t\t\t\t\t\t<p>10 weitere professionell bearbeitete Bilder<\/p>\t\t\t\t\t\t\t\t<\/div>\n\t\t\t\t<\/div>\n\t\t\t\t<\/div>\n\t\t<div class=\"elementor-element elementor-element-0a2cc5e e-con-full e-flex e-con e-child\" data-id=\"0a2cc5e\" data-element_type=\"container\" data-e-type=\"container\">\n\t\t\t\t<div class=\"elementor-element elementor-element-ccf5a5d elementor-widget elementor-widget-heading\" data-id=\"ccf5a5d\" data-element_type=\"widget\" data-e-type=\"widget\" data-widget_type=\"heading.default\">\n\t\t\t\t<div class=\"elementor-widget-container\">\n\t\t\t\t\t<h2 class=\"elementor-heading-title elementor-size-default\">Paket - Infinity\n350 \u20ac<\/h2>\t\t\t\t<\/div>\n\t\t\t\t<\/div>\n\t\t\t\t<div class=\"elementor-element elementor-element-1cd4549 elementor-widget elementor-widget-text-editor\" data-id=\"1cd4549\" data-element_type=\"widget\" data-e-type=\"widget\" data-widget_type=\"text-editor.default\">\n\t\t\t\t<div class=\"elementor-widget-container\">\n\t\t\t\t\t\t\t\t\t<p>alle weiteren Bilder in Grundoptimierung (ohne Retusche)<\/p>\t\t\t\t\t\t\t\t<\/div>\n\t\t\t\t<\/div>\n\t\t\t\t<\/div>\n\t\t\t\t\t<\/div>\n\t\t\t\t<\/div>\n\t\t<div class=\"elementor-element elementor-element-851e068 e-flex e-con-boxed e-con e-parent\" data-id=\"851e068\" data-element_type=\"container\" data-e-type=\"container\">\n\t\t\t\t\t<div class=\"e-con-inner\">\n\t\t\t\t<div class=\"elementor-element elementor-element-656dad6 elementor-widget elementor-widget-text-editor\" data-id=\"656dad6\" data-element_type=\"widget\" data-e-type=\"widget\" data-widget_type=\"text-editor.default\">\n\t\t\t\t<div class=\"elementor-widget-container\">\n\t\t\t\t\t\t\t\t\t<p>Falls du ein Sammelshooting mit mehreren Teilnehmern planen m\u00f6chtest oder ein ausgefalleneres Shooting (z.B. Nebelshooting in der Solebox, Adventskranzshooting) w\u00fcnschst, kontaktiere mich gerne f\u00fcr ein individuelles Angebot. Auch b<span style=\"font-family: var( --e-global-typography-text-font-family ), Sans-serif;\">ei Fragen zu den einzelnen Paketen oder Beratung zu deinen Bildern helfe ich dir gerne weiter.<\/span><\/p>\t\t\t\t\t\t\t\t<\/div>\n\t\t\t\t<\/div>\n\t\t\t\t<div class=\"elementor-element elementor-element-189117a elementor-align-center elementor-widget elementor-widget-button\" data-id=\"189117a\" data-element_type=\"widget\" data-e-type=\"widget\" data-widget_type=\"button.default\">\n\t\t\t\t<div class=\"elementor-widget-container\">\n\t\t\t\t\t\t\t\t\t<div class=\"elementor-button-wrapper\">\n\t\t\t\t\t<a class=\"elementor-button elementor-button-link elementor-size-sm\" href=\"https:\/\/janamotzfotografie.de\/?page_id=23\">\n\t\t\t\t\t\t<span class=\"elementor-button-content-wrapper\">\n\t\t\t\t\t\t\t\t\t<span class=\"elementor-button-text\">Kontakt<\/span>\n\t\t\t\t\t<\/span>\n\t\t\t\t\t<\/a>\n\t\t\t\t<\/div>\n\t\t\t\t\t\t\t\t<\/div>\n\t\t\t\t<\/div>\n\t\t\t\t\t<\/div>\n\t\t\t\t<\/div>\n\t\t<div class=\"elementor-element elementor-element-69c2019 e-flex e-con-boxed e-con e-parent\" data-id=\"69c2019\" data-element_type=\"container\" data-e-type=\"container\">\n\t\t\t\t\t<div class=\"e-con-inner\">\n\t\t\t\t<div class=\"elementor-element elementor-element-617c34f elementor-widget-divider--view-line elementor-widget elementor-widget-divider\" data-id=\"617c34f\" data-element_type=\"widget\" data-e-type=\"widget\" data-widget_type=\"divider.default\">\n\t\t\t\t<div class=\"elementor-widget-container\">\n\t\t\t\t\t\t\t<div class=\"elementor-divider\">\n\t\t\t<span class=\"elementor-divider-separator\">\n\t\t\t\t\t\t<\/span>\n\t\t<\/div>\n\t\t\t\t\t\t<\/div>\n\t\t\t\t<\/div>\n\t\t\t\t\t<\/div>\n\t\t\t\t<\/div>\n\t\t<div class=\"elementor-element elementor-element-6cb072a e-flex e-con-boxed e-con e-parent\" data-id=\"6cb072a\" data-element_type=\"container\" data-e-type=\"container\">\n\t\t\t\t\t<div class=\"e-con-inner\">\n\t\t\t\t<div class=\"elementor-element elementor-element-eb527ef elementor-widget elementor-widget-heading\" data-id=\"eb527ef\" data-element_type=\"widget\" data-e-type=\"widget\" data-widget_type=\"heading.default\">\n\t\t\t\t<div class=\"elementor-widget-container\">\n\t\t\t\t\t<h2 class=\"elementor-heading-title elementor-size-default\">Reels &amp; Videoportraits \u2013 Emotionen, Bewegung &amp; Sichtbarkeit<\/h2>\t\t\t\t<\/div>\n\t\t\t\t<\/div>\n\t\t\t\t\t<\/div>\n\t\t\t\t<\/div>\n\t\t<div class=\"elementor-element elementor-element-9c53821 e-flex e-con-boxed e-con e-parent\" data-id=\"9c53821\" data-element_type=\"container\" data-e-type=\"container\">\n\t\t\t\t\t<div class=\"e-con-inner\">\n\t\t\t\t<div class=\"elementor-element elementor-element-7e830ac elementor-widget elementor-widget-text-editor\" data-id=\"7e830ac\" data-element_type=\"widget\" data-e-type=\"widget\" data-widget_type=\"text-editor.default\">\n\t\t\t\t<div class=\"elementor-widget-container\">\n\t\t\t\t\t\t\t\t\t<p data-start=\"412\" data-end=\"682\">Egal ob als <strong data-start=\"424\" data-end=\"448\">wertvolle Erinnerung<\/strong> oder <strong data-start=\"454\" data-end=\"484\">professionelles Werbevideo<\/strong> \u2013 ein Reel bringt dein Tier, deine Marke oder deine Geschichte zum Leben.<br data-start=\"558\" data-end=\"561\" \/>Ich kreiere emotionale, authentische und moderne Kurzvideos, die bewegen \u2013 perfekt abgestimmt auf dich und deine Ziele.<\/p><p>Der Preis wird <strong data-start=\"1319\" data-end=\"1346\">individuell auf Anfrage<\/strong> berechnet \u2013 abh\u00e4ngig von Ort, Dauer, Aufwand und gew\u00fcnschtem Stil.<br data-start=\"1413\" data-end=\"1416\" \/>Ich erstelle dir gerne ein pers\u00f6nliches Angebot, das zu deinen Vorstellungen passt.<\/p>\t\t\t\t\t\t\t\t<\/div>\n\t\t\t\t<\/div>\n\t\t\t\t\t<\/div>\n\t\t\t\t<\/div>\n\t\t<div class=\"elementor-element elementor-element-cc35e22 e-flex e-con-boxed e-con e-parent\" data-id=\"cc35e22\" data-element_type=\"container\" data-e-type=\"container\">\n\t\t\t\t\t<div class=\"e-con-inner\">\n\t\t\t\t<div class=\"elementor-element elementor-element-6401f7e elementor-widget-divider--view-line elementor-widget elementor-widget-divider\" data-id=\"6401f7e\" data-element_type=\"widget\" data-e-type=\"widget\" data-widget_type=\"divider.default\">\n\t\t\t\t<div class=\"elementor-widget-container\">\n\t\t\t\t\t\t\t<div class=\"elementor-divider\">\n\t\t\t<span class=\"elementor-divider-separator\">\n\t\t\t\t\t\t<\/span>\n\t\t<\/div>\n\t\t\t\t\t\t<\/div>\n\t\t\t\t<\/div>\n\t\t\t\t\t<\/div>\n\t\t\t\t<\/div>\n\t\t<div class=\"elementor-element elementor-element-7f7cc30 e-flex e-con-boxed e-con e-parent\" data-id=\"7f7cc30\" data-element_type=\"container\" data-e-type=\"container\">\n\t\t\t\t\t<div class=\"e-con-inner\">\n\t\t\t\t<div class=\"elementor-element elementor-element-abe3b13 elementor-widget elementor-widget-heading\" data-id=\"abe3b13\" data-element_type=\"widget\" data-e-type=\"widget\" data-widget_type=\"heading.default\">\n\t\t\t\t<div class=\"elementor-widget-container\">\n\t\t\t\t\t<h2 class=\"elementor-heading-title elementor-size-xl\">Gutschein<\/h2>\t\t\t\t<\/div>\n\t\t\t\t<\/div>\n\t\t\t\t<div class=\"elementor-element elementor-element-6d46a64 elementor-widget elementor-widget-text-editor\" data-id=\"6d46a64\" data-element_type=\"widget\" data-e-type=\"widget\" data-widget_type=\"text-editor.default\">\n\t\t\t\t<div class=\"elementor-widget-container\">\n\t\t\t\t\t\t\t\t\t<p>Das sch\u00f6nste Geschenk sind gemeinsame Erinnerungen. Warum also nicht den Liebsten eine Freude machen mit einem Gutschein f\u00fcr ein unvergessliches Fotoshooting.\u00a0<\/p><p>Ab einem Wert von 60 \u20ac erh\u00e4ltlich.<\/p>\t\t\t\t\t\t\t\t<\/div>\n\t\t\t\t<\/div>\n\t\t\t\t\t<\/div>\n\t\t\t\t<\/div>\n\t\t<div class=\"elementor-element elementor-element-c175d88 e-flex e-con-boxed e-con e-parent\" data-id=\"c175d88\" data-element_type=\"container\" data-e-type=\"container\">\n\t\t\t\t\t<div class=\"e-con-inner\">\n\t\t<div class=\"elementor-element elementor-element-f42c4cf e-con-full e-flex e-con e-child\" data-id=\"f42c4cf\" data-element_type=\"container\" data-e-type=\"container\">\n\t\t\t\t<div class=\"elementor-element elementor-element-a3d7c61 elementor-widget elementor-widget-image\" data-id=\"a3d7c61\" data-element_type=\"widget\" data-e-type=\"widget\" data-widget_type=\"image.default\">\n\t\t\t\t<div class=\"elementor-widget-container\">\n\t\t\t\t\t\t\t\t\t\t\t\t\t\t\t<img decoding=\"async\" width=\"733\" height=\"1024\" src=\"https:\/\/janamotzfotografie.de\/wp-content\/uploads\/2024\/01\/Gutschein-733x1024.jpg\" class=\"attachment-large size-large wp-image-157\" alt=\"\" srcset=\"https:\/\/janamotzfotografie.de\/wp-content\/uploads\/2024\/01\/Gutschein-733x1024.jpg 733w, https:\/\/janamotzfotografie.de\/wp-content\/uploads\/2024\/01\/Gutschein-215x300.jpg 215w, https:\/\/janamotzfotografie.de\/wp-content\/uploads\/2024\/01\/Gutschein-768x1073.jpg 768w, https:\/\/janamotzfotografie.de\/wp-content\/uploads\/2024\/01\/Gutschein-1099x1536.jpg 1099w, https:\/\/janamotzfotografie.de\/wp-content\/uploads\/2024\/01\/Gutschein.jpg 1200w\" sizes=\"(max-width: 733px) 100vw, 733px\" \/>\t\t\t\t\t\t\t\t\t\t\t\t\t\t\t<\/div>\n\t\t\t\t<\/div>\n\t\t\t\t<\/div>\n\t\t<div class=\"elementor-element elementor-element-753979b e-con-full e-flex e-con e-child\" data-id=\"753979b\" data-element_type=\"container\" data-e-type=\"container\">\n\t\t\t\t<div class=\"elementor-element elementor-element-b783034 elementor-widget elementor-widget-image\" data-id=\"b783034\" data-element_type=\"widget\" data-e-type=\"widget\" data-widget_type=\"image.default\">\n\t\t\t\t<div class=\"elementor-widget-container\">\n\t\t\t\t\t\t\t\t\t\t\t\t\t\t\t<img decoding=\"async\" width=\"733\" height=\"1024\" src=\"https:\/\/janamotzfotografie.de\/wp-content\/uploads\/2024\/01\/Gutschein-RS-733x1024.jpg\" class=\"attachment-large size-large wp-image-158\" alt=\"\" srcset=\"https:\/\/janamotzfotografie.de\/wp-content\/uploads\/2024\/01\/Gutschein-RS-733x1024.jpg 733w, https:\/\/janamotzfotografie.de\/wp-content\/uploads\/2024\/01\/Gutschein-RS-215x300.jpg 215w, https:\/\/janamotzfotografie.de\/wp-content\/uploads\/2024\/01\/Gutschein-RS-768x1073.jpg 768w, https:\/\/janamotzfotografie.de\/wp-content\/uploads\/2024\/01\/Gutschein-RS-1099x1536.jpg 1099w, https:\/\/janamotzfotografie.de\/wp-content\/uploads\/2024\/01\/Gutschein-RS.jpg 1276w\" sizes=\"(max-width: 733px) 100vw, 733px\" \/>\t\t\t\t\t\t\t\t\t\t\t\t\t\t\t<\/div>\n\t\t\t\t<\/div>\n\t\t\t\t<\/div>\n\t\t\t\t\t<\/div>\n\t\t\t\t<\/div>\n\t\t<div class=\"elementor-element elementor-element-9d160d9 e-flex e-con-boxed e-con e-parent\" data-id=\"9d160d9\" data-element_type=\"container\" data-e-type=\"container\">\n\t\t\t\t\t<div class=\"e-con-inner\">\n\t\t\t\t<div class=\"elementor-element elementor-element-275c612 elementor-align-center elementor-widget elementor-widget-button\" data-id=\"275c612\" data-element_type=\"widget\" data-e-type=\"widget\" data-widget_type=\"button.default\">\n\t\t\t\t<div class=\"elementor-widget-container\">\n\t\t\t\t\t\t\t\t\t<div class=\"elementor-button-wrapper\">\n\t\t\t\t\t<a class=\"elementor-button elementor-button-link elementor-size-sm\" href=\"https:\/\/janamotzfotografie.de\/?page_id=23\">\n\t\t\t\t\t\t<span class=\"elementor-button-content-wrapper\">\n\t\t\t\t\t\t\t\t\t<span class=\"elementor-button-text\">Gutschein bestellen<\/span>\n\t\t\t\t\t<\/span>\n\t\t\t\t\t<\/a>\n\t\t\t\t<\/div>\n\t\t\t\t\t\t\t\t<\/div>\n\t\t\t\t<\/div>\n\t\t\t\t\t<\/div>\n\t\t\t\t<\/div>\n\t\t\t\t<\/div>\n\t\t","protected":false},"excerpt":{"rendered":"<p>Leistungen Wie viel du in deine Bilder investieren m\u00f6chtest, entscheidest du letztendlich selbst. Du buchst einfach das Basispaket und entscheidest dich nach dem Shooting anhand deiner pers\u00f6nlichen Auswahlgalerie wie viele Bilder du dar\u00fcber hinaus haben m\u00f6chtest. Dadurch hast du den Vorteil, dass du dich nicht vorab auf eine bestimmte Bildanzahl festlegen musst. &nbsp; Basispaket &#8211; &#8230; <a title=\"Leistungen\" class=\"read-more\" href=\"https:\/\/janamotzfotografie.de\/?page_id=19\" aria-label=\"Mehr dazu unter Leistungen\">Weiterlesen<\/a><\/p>\n","protected":false},"author":1,"featured_media":0,"parent":0,"menu_order":0,"comment_status":"closed","ping_status":"closed","template":"","meta":{"om_disable_all_campaigns":false,"_monsterinsights_skip_tracking":false,"_monsterinsights_sitenote_active":false,"_monsterinsights_sitenote_note":"","_monsterinsights_sitenote_category":0,"footnotes":""},"class_list":["post-19","page","type-page","status-publish"],"aioseo_notices":[],"_links":{"self":[{"href":"https:\/\/janamotzfotografie.de\/index.php?rest_route=\/wp\/v2\/pages\/19","targetHints":{"allow":["GET"]}}],"collection":[{"href":"https:\/\/janamotzfotografie.de\/index.php?rest_route=\/wp\/v2\/pages"}],"about":[{"href":"https:\/\/janamotzfotografie.de\/index.php?rest_route=\/wp\/v2\/types\/page"}],"author":[{"embeddable":true,"href":"https:\/\/janamotzfotografie.de\/index.php?rest_route=\/wp\/v2\/users\/1"}],"replies":[{"embeddable":true,"href":"https:\/\/janamotzfotografie.de\/index.php?rest_route=%2Fwp%2Fv2%2Fcomments&post=19"}],"version-history":[{"count":40,"href":"https:\/\/janamotzfotografie.de\/index.php?rest_route=\/wp\/v2\/pages\/19\/revisions"}],"predecessor-version":[{"id":731,"href":"https:\/\/janamotzfotografie.de\/index.php?rest_route=\/wp\/v2\/pages\/19\/revisions\/731"}],"wp:attachment":[{"href":"https:\/\/janamotzfotografie.de\/index.php?rest_route=%2Fwp%2Fv2%2Fmedia&parent=19"}],"curies":[{"name":"wp","href":"https:\/\/api.w.org\/{rel}","templated":true}]}}